{"id":19,"date":"2023-04-18T04:10:30","date_gmt":"2023-04-18T04:10:30","guid":{"rendered":"https:\/\/www.kibrisvipnights.com\/?page_id=19"},"modified":"2025-11-08T16:50:38","modified_gmt":"2025-11-08T13:50:38","slug":"about","status":"publish","type":"page","link":"https:\/\/www.kibrisvipnights.com\/?page_id=19","title":{"rendered":"About"},"content":{"rendered":"\t\t<div data-elementor-type=\"wp-page\" data-elementor-id=\"19\" class=\"elementor elementor-19\">\n\t\t\t\t\t\t<section class=\"elementor-section elementor-top-section elementor-element elementor-element-c9176fe elementor-section-boxed elementor-section-height-default elementor-section-height-default\" data-id=\"c9176fe\" data-element_type=\"section\" data-settings=\"{&quot;background_background&quot;:&quot;classic&quot;}\">\n\t\t\t\t\t\t\t<div class=\"elementor-background-overlay\"><\/div>\n\t\t\t\t\t\t\t<div class=\"elementor-container elementor-column-gap-no\">\n\t\t\t\t\t<div class=\"elementor-column elementor-col-50 elementor-top-column elementor-element elementor-element-dfb77e2\" data-id=\"dfb77e2\" data-element_type=\"column\">\n\t\t\t<div class=\"elementor-widget-wrap elementor-element-populated\">\n\t\t\t\t\t\t<div class=\"elementor-element elementor-element-2675b86 elementor-widget__width-auto elementor-absolute elementor-widget elementor-widget-image\" data-id=\"2675b86\" data-element_type=\"widget\" data-settings=\"{&quot;_position&quot;:&quot;absolute&quot;}\" data-widget_type=\"image.default\">\n\t\t\t\t\t\t\t\t\t\t\t\t\t\t\t<img decoding=\"async\" width=\"290\" height=\"79\" src=\"https:\/\/www.kibrisvipnights.com\/wp-content\/uploads\/2023\/05\/about-us-about-page.png\" class=\"attachment-full size-full wp-image-1573\" alt=\"\" \/>\t\t\t\t\t\t\t\t\t\t\t\t\t\t\t<\/div>\n\t\t\t\t<div class=\"elementor-element elementor-element-f371d81 elementor-widget__width-auto elementor-view-default elementor-widget elementor-widget-icon\" data-id=\"f371d81\" data-element_type=\"widget\" data-widget_type=\"icon.default\">\n\t\t\t\t\t\t\t<div class=\"elementor-icon-wrapper\">\n\t\t\t<div class=\"elementor-icon\">\n\t\t\t<svg xmlns=\"http:\/\/www.w3.org\/2000\/svg\" width=\"39\" height=\"39\" viewBox=\"0 0 39 39\" fill=\"none\"><g clip-path=\"url(#clip0_174_84)\"><path d=\"M36.1459 27.52L19.5709 20.305L35.9509 13.09L33.4159 8.5075L18.8884 19.33L20.8384 1H15.7684L17.7184 19.33L3.19093 8.5075L0.655937 13.09L17.0359 20.305L0.460938 27.52L3.19093 31.9075L17.7184 21.085L15.7684 39.61H20.8384L18.8884 21.085L33.4159 31.9075L36.1459 27.52Z\" fill=\"#FD6F00\"><\/path><path d=\"M26.3169 2.46289L19.1019 19.0379L11.8869 2.65789L7.30437 5.19288L18.1269 19.7204L-0.203125 17.7704V22.8404L18.1269 20.8904L7.30437 35.4179L11.8869 37.9529L19.1019 21.5729L26.3169 38.1479L30.7044 35.4179L19.8819 20.8904L38.4069 22.8404V17.7704L19.8819 19.7204L30.7044 5.19288L26.3169 2.46289Z\" fill=\"#FD6F00\"><\/path><\/g><defs><clipPath id=\"clip0_174_84\"><rect width=\"39\" height=\"39\" fill=\"white\"><\/rect><\/clipPath><\/defs><\/svg>\t\t\t<\/div>\n\t\t<\/div>\n\t\t\t\t\t\t<\/div>\n\t\t\t\t<section class=\"elementor-section elementor-inner-section elementor-element elementor-element-4d25033 elementor-section-full_width elementor-section-height-default elementor-section-height-default\" data-id=\"4d25033\" data-element_type=\"section\">\n\t\t\t\t\t\t<div class=\"elementor-container elementor-column-gap-no\">\n\t\t\t\t\t<div class=\"elementor-column elementor-col-100 elementor-inner-column elementor-element elementor-element-a107083\" data-id=\"a107083\" data-element_type=\"column\">\n\t\t\t<div class=\"elementor-widget-wrap elementor-element-populated\">\n\t\t\t\t\t\t<div class=\"elementor-element elementor-element-eb20540 elementor-widget__width-auto elementor-hidden-mobile elementor-widget elementor-widget-image\" data-id=\"eb20540\" data-element_type=\"widget\" data-widget_type=\"image.default\">\n\t\t\t\t\t\t\t\t\t\t\t\t\t\t\t<img fetchpriority=\"high\" decoding=\"async\" width=\"2500\" height=\"1666\" src=\"https:\/\/www.kibrisvipnights.com\/wp-content\/uploads\/2025\/11\/1704052032_kavabunga-org-p-porno-seks-v-striptiz-klube-skritoi-kamero-75.jpg\" class=\"attachment-full size-full wp-image-4849\" alt=\"\" srcset=\"https:\/\/www.kibrisvipnights.com\/wp-content\/uploads\/2025\/11\/1704052032_kavabunga-org-p-porno-seks-v-striptiz-klube-skritoi-kamero-75.jpg 2500w, https:\/\/www.kibrisvipnights.com\/wp-content\/uploads\/2025\/11\/1704052032_kavabunga-org-p-porno-seks-v-striptiz-klube-skritoi-kamero-75-300x200.jpg 300w, https:\/\/www.kibrisvipnights.com\/wp-content\/uploads\/2025\/11\/1704052032_kavabunga-org-p-porno-seks-v-striptiz-klube-skritoi-kamero-75-1024x682.jpg 1024w, https:\/\/www.kibrisvipnights.com\/wp-content\/uploads\/2025\/11\/1704052032_kavabunga-org-p-porno-seks-v-striptiz-klube-skritoi-kamero-75-768x512.jpg 768w, https:\/\/www.kibrisvipnights.com\/wp-content\/uploads\/2025\/11\/1704052032_kavabunga-org-p-porno-seks-v-striptiz-klube-skritoi-kamero-75-1536x1024.jpg 1536w, https:\/\/www.kibrisvipnights.com\/wp-content\/uploads\/2025\/11\/1704052032_kavabunga-org-p-porno-seks-v-striptiz-klube-skritoi-kamero-75-2048x1365.jpg 2048w, https:\/\/www.kibrisvipnights.com\/wp-content\/uploads\/2025\/11\/1704052032_kavabunga-org-p-porno-seks-v-striptiz-klube-skritoi-kamero-75-630x420.jpg 630w\" sizes=\"(max-width: 2500px) 100vw, 2500px\" \/>\t\t\t\t\t\t\t\t\t\t\t\t\t\t\t<\/div>\n\t\t\t\t<div class=\"elementor-element elementor-element-315dd0f elementor-widget__width-auto elementor-widget elementor-widget-image\" data-id=\"315dd0f\" data-element_type=\"widget\" data-widget_type=\"image.default\">\n\t\t\t\t\t\t\t\t\t\t\t\t\t\t\t<img decoding=\"async\" width=\"1999\" height=\"1333\" src=\"https:\/\/www.kibrisvipnights.com\/wp-content\/uploads\/2025\/11\/53421.jpeg\" class=\"attachment-full size-full wp-image-4855\" alt=\"\" srcset=\"https:\/\/www.kibrisvipnights.com\/wp-content\/uploads\/2025\/11\/53421.jpeg 1999w, https:\/\/www.kibrisvipnights.com\/wp-content\/uploads\/2025\/11\/53421-300x200.jpeg 300w, https:\/\/www.kibrisvipnights.com\/wp-content\/uploads\/2025\/11\/53421-1024x683.jpeg 1024w, https:\/\/www.kibrisvipnights.com\/wp-content\/uploads\/2025\/11\/53421-768x512.jpeg 768w, https:\/\/www.kibrisvipnights.com\/wp-content\/uploads\/2025\/11\/53421-1536x1024.jpeg 1536w, https:\/\/www.kibrisvipnights.com\/wp-content\/uploads\/2025\/11\/53421-630x420.jpeg 630w\" sizes=\"(max-width: 1999px) 100vw, 1999px\" \/>\t\t\t\t\t\t\t\t\t\t\t\t\t\t\t<\/div>\n\t\t\t\t\t<\/div>\n\t\t<\/div>\n\t\t\t\t\t<\/div>\n\t\t<\/section>\n\t\t\t\t\t<\/div>\n\t\t<\/div>\n\t\t\t\t<div class=\"elementor-column elementor-col-50 elementor-top-column elementor-element elementor-element-1137a19\" data-id=\"1137a19\" data-element_type=\"column\">\n\t\t\t<div class=\"elementor-widget-wrap elementor-element-populated\">\n\t\t\t\t\t\t<div class=\"elementor-element elementor-element-6bef609 elementor-widget elementor-widget-nighty_elementor_heading\" data-id=\"6bef609\" data-element_type=\"widget\" data-widget_type=\"nighty_elementor_heading.default\">\n\t\t\t\t<div class=\"elementor-widget-container\">\n\t\t\t\t\t\n\t\t<div class=\"ova-heading template2 \">\n\n\t\t\t\t\t\t\t<div class=\"sub-title-wrapper underline \">\n\t\t\t\t\t\t\t\t\t\t\t<span class=\"prefix\">*<\/span>\n\t\t\t\t\t\t\t\t\t\t<h4 class=\"sub-title\">Hakk\u0131m\u0131zda<\/h4>\n\t\t\t\t<\/div>\n\t\t\t\n\t\t\t\t\t\t\t\n\t\t\t\t\t<h2 class=\"title    \">K\u0131br\u0131s Vip <span class=\"word\">Nights<\/span><img src='https:\/\/www.kibrisvipnights.com\/wp-content\/plugins\/elementor\/assets\/images\/placeholder.png' alt='K\u0131br\u0131s Vip Nights & Vip Night Clubs.\n'> & Vip Night Clubs.\n<\/h2>\n\n\t\t\t\t\n\t\t\t\n\t\t\t\n\t\t\t\t\t\t\t<p class=\"description\">Adan\u0131n en iyi Night Clublar\u0131 ile hizmetinizdeyiz.<\/p>\n\t\t\t\n\t\t\t\n\t\t\t\n\t\t<\/div>\n\n\t\t\t\t\t\t<\/div>\n\t\t\t\t<\/div>\n\t\t\t\t<div class=\"elementor-element elementor-element-6623843 elementor-widget elementor-widget-ova_event_countdown\" data-id=\"6623843\" data-element_type=\"widget\" data-widget_type=\"ova_event_countdown.default\">\n\t\t\t\t<div class=\"elementor-widget-container\">\n\t\t\t\t\t\n<div class=\"ovaev-event-countdown\"\n\tdata-year=\"2080\"\n\tdata-month=\"10\"\n\tdata-day=\"03\"\n\tdata-hour=\"16\"\n\tdata-minute=\"00\"\n\tdata-timezone=\"3\"\n\tdata-lang=\"en\"\n\tdata-url=\"https:\/\/www.kibrisvipnights.com\/wp-content\/plugins\/ova-events\/\">\n\t<p class=\"title\">S\u0131n\u0131rs\u0131z\t\t<span class=\"text-yellow\">E\u011flence<\/span>\n\t\ton:\t<\/p>\n\t<div class=\"event-time\"><\/div>\n\t<hr>\n<\/div>\t\t\t\t<\/div>\n\t\t\t\t<\/div>\n\t\t\t\t\t<\/div>\n\t\t<\/div>\n\t\t\t\t\t<\/div>\n\t\t<\/section>\n\t\t\t\t<section class=\"elementor-section elementor-top-section elementor-element elementor-element-ca196ad elementor-section-full_width elementor-section-height-default elementor-section-height-default\" data-id=\"ca196ad\" data-element_type=\"section\">\n\t\t\t\t\t\t<div class=\"elementor-container elementor-column-gap-no\">\n\t\t\t\t\t<div class=\"elementor-column elementor-col-100 elementor-top-column elementor-element elementor-element-5cb1523\" data-id=\"5cb1523\" data-element_type=\"column\">\n\t\t\t<div class=\"elementor-widget-wrap elementor-element-populated\">\n\t\t\t\t\t\t<div class=\"elementor-element elementor-element-35d9e4a elementor-widget elementor-widget-nighty_elementor_text_marquee\" data-id=\"35d9e4a\" data-element_type=\"widget\" data-widget_type=\"nighty_elementor_text_marquee.default\">\n\t\t\t\t<div class=\"elementor-widget-container\">\n\t\t\t\t\t\n\t\t\t<div class=\"ova-text-marquee duration-normal direction-rtl\">\n\n\t\t\t\t\n\t\t\t\t\t<div class=\"content content-wrapper\">\n\n\t\t\t\t\t  \t\n\t\t\t\t\t\t\t<span class=\"icon\">\n\t\t\t\t\t\t\t\t<svg xmlns=\"http:\/\/www.w3.org\/2000\/svg\" width=\"29\" height=\"32\" viewBox=\"0 0 29 32\" fill=\"none\"><path d=\"M28.7322 21.8749L15.5572 16.1399L28.5772 10.4049L26.5622 6.76242L15.0147 15.3649L16.5647 0.794922H12.5347L14.0847 15.3649L2.53719 6.76242L0.522187 10.4049L13.5422 16.1399L0.367188 21.8749L2.53719 25.3624L14.0847 16.7599L12.5347 31.4849H16.5647L15.0147 16.7599L26.5622 25.3624L28.7322 21.8749Z\" fill=\"black\"><\/path><\/svg>\t\t\t\t\t\t\t<\/span>\n\n\t\t\t\t\t\t\t<span class=\"text elementor-repeater-item-8262130\">\n\t\t\t\t\t\t\t\tKIBRIS V\u0130P N\u0130GHTS \t\n\t\t\t\t\t\t\t<\/span>\n\n\t\t\t\t\t\t\n\t\t\t\t\t\t\t<span class=\"icon\">\n\t\t\t\t\t\t\t\t<svg xmlns=\"http:\/\/www.w3.org\/2000\/svg\" width=\"29\" height=\"32\" viewBox=\"0 0 29 32\" fill=\"none\"><path d=\"M28.7322 21.8749L15.5572 16.1399L28.5772 10.4049L26.5622 6.76242L15.0147 15.3649L16.5647 0.794922H12.5347L14.0847 15.3649L2.53719 6.76242L0.522187 10.4049L13.5422 16.1399L0.367188 21.8749L2.53719 25.3624L14.0847 16.7599L12.5347 31.4849H16.5647L15.0147 16.7599L26.5622 25.3624L28.7322 21.8749Z\" fill=\"black\"><\/path><\/svg>\t\t\t\t\t\t\t<\/span>\n\n\t\t\t\t\t\t\t<span class=\"text elementor-repeater-item-a378742\">\n\t\t\t\t\t\t\t\tKIBRIS GECE KL\u00dcPLER\u0130 \t\n\t\t\t\t\t\t\t<\/span>\n\n\t\t\t\t\t\t\n\t\t\t\t\t\t\t<span class=\"icon\">\n\t\t\t\t\t\t\t\t<svg xmlns=\"http:\/\/www.w3.org\/2000\/svg\" width=\"29\" height=\"32\" viewBox=\"0 0 29 32\" fill=\"none\"><path d=\"M28.7322 21.8749L15.5572 16.1399L28.5772 10.4049L26.5622 6.76242L15.0147 15.3649L16.5647 0.794922H12.5347L14.0847 15.3649L2.53719 6.76242L0.522187 10.4049L13.5422 16.1399L0.367188 21.8749L2.53719 25.3624L14.0847 16.7599L12.5347 31.4849H16.5647L15.0147 16.7599L26.5622 25.3624L28.7322 21.8749Z\" fill=\"black\"><\/path><\/svg>\t\t\t\t\t\t\t<\/span>\n\n\t\t\t\t\t\t\t<span class=\"text elementor-repeater-item-50a888e\">\n\t\t\t\t\t\t\t\tKIBRIS GECE HAYATI \t\n\t\t\t\t\t\t\t<\/span>\n\n\t\t\t\t\t\t\t\t\t\t\t\t\t\t\t\t\t\t\t\n\n\t\t\t\t\t<\/div>\n\n\t\t\t\t\t<div class=\"spacing\"><\/div>\n\n\t\t\t\t\t<div class=\"content content-wrapper-2\">\n\n\t\t\t\t\t  \t\t\t\t\t\t\t\t<span class=\"icon\">\n\t\t\t\t\t\t\t\t<svg xmlns=\"http:\/\/www.w3.org\/2000\/svg\" width=\"29\" height=\"32\" viewBox=\"0 0 29 32\" fill=\"none\"><path d=\"M28.7322 21.8749L15.5572 16.1399L28.5772 10.4049L26.5622 6.76242L15.0147 15.3649L16.5647 0.794922H12.5347L14.0847 15.3649L2.53719 6.76242L0.522187 10.4049L13.5422 16.1399L0.367188 21.8749L2.53719 25.3624L14.0847 16.7599L12.5347 31.4849H16.5647L15.0147 16.7599L26.5622 25.3624L28.7322 21.8749Z\" fill=\"black\"><\/path><\/svg>\t\t\t\t\t\t\t<\/span>\n\n\t\t\t\t\t\t\t<span class=\"text elementor-repeater-item-8262130\">\n\t\t\t\t\t\t\t\tKIBRIS V\u0130P N\u0130GHTS \t\n\t\t\t\t\t\t\t<\/span>\n\n\t\t\t\t\t\t\t\t\t\t\t\t\t<span class=\"icon\">\n\t\t\t\t\t\t\t\t<svg xmlns=\"http:\/\/www.w3.org\/2000\/svg\" width=\"29\" height=\"32\" viewBox=\"0 0 29 32\" fill=\"none\"><path d=\"M28.7322 21.8749L15.5572 16.1399L28.5772 10.4049L26.5622 6.76242L15.0147 15.3649L16.5647 0.794922H12.5347L14.0847 15.3649L2.53719 6.76242L0.522187 10.4049L13.5422 16.1399L0.367188 21.8749L2.53719 25.3624L14.0847 16.7599L12.5347 31.4849H16.5647L15.0147 16.7599L26.5622 25.3624L28.7322 21.8749Z\" fill=\"black\"><\/path><\/svg>\t\t\t\t\t\t\t<\/span>\n\n\t\t\t\t\t\t\t<span class=\"text elementor-repeater-item-a378742\">\n\t\t\t\t\t\t\t\tKIBRIS GECE KL\u00dcPLER\u0130 \t\n\t\t\t\t\t\t\t<\/span>\n\n\t\t\t\t\t\t\t\t\t\t\t\t\t<span class=\"icon\">\n\t\t\t\t\t\t\t\t<svg xmlns=\"http:\/\/www.w3.org\/2000\/svg\" width=\"29\" height=\"32\" viewBox=\"0 0 29 32\" fill=\"none\"><path d=\"M28.7322 21.8749L15.5572 16.1399L28.5772 10.4049L26.5622 6.76242L15.0147 15.3649L16.5647 0.794922H12.5347L14.0847 15.3649L2.53719 6.76242L0.522187 10.4049L13.5422 16.1399L0.367188 21.8749L2.53719 25.3624L14.0847 16.7599L12.5347 31.4849H16.5647L15.0147 16.7599L26.5622 25.3624L28.7322 21.8749Z\" fill=\"black\"><\/path><\/svg>\t\t\t\t\t\t\t<\/span>\n\n\t\t\t\t\t\t\t<span class=\"text elementor-repeater-item-50a888e\">\n\t\t\t\t\t\t\t\tKIBRIS GECE HAYATI \t\n\t\t\t\t\t\t\t<\/span>\n\n\t\t\t\t\t\t\t\t\t\t\t\t\t\t\t\t\t\n\n\t\t\t\t\t<\/div>\n\n\t\t\t\t\n\t\t\t<\/div>\n\n\t\t\t\t\t\t<\/div>\n\t\t\t\t<\/div>\n\t\t\t\t\t<\/div>\n\t\t<\/div>\n\t\t\t\t\t<\/div>\n\t\t<\/section>\n\t\t\t\t<section class=\"elementor-section elementor-top-section elementor-element elementor-element-66afb95 elementor-section-boxed elementor-section-height-default elementor-section-height-default\" data-id=\"66afb95\" data-element_type=\"section\">\n\t\t\t\t\t\t\t<div class=\"elementor-background-overlay\"><\/div>\n\t\t\t\t\t\t\t<div class=\"elementor-container elementor-column-gap-no\">\n\t\t\t\t\t<div class=\"elementor-column elementor-col-100 elementor-top-column elementor-element elementor-element-e6d8c98\" data-id=\"e6d8c98\" data-element_type=\"column\">\n\t\t\t<div class=\"elementor-widget-wrap elementor-element-populated\">\n\t\t\t\t\t\t<div class=\"elementor-element elementor-element-2e25f95 elementor-widget elementor-widget-nighty_elementor_heading\" data-id=\"2e25f95\" data-element_type=\"widget\" data-widget_type=\"nighty_elementor_heading.default\">\n\t\t\t\t<div class=\"elementor-widget-container\">\n\t\t\t\t\t\n\t\t<div class=\"ova-heading template3 \">\n\n\t\t\t\t\t\t\t<div class=\"sub-title-wrapper underline \">\n\t\t\t\t\t\t\t\t\t\t\t<span class=\"prefix\">*<\/span>\n\t\t\t\t\t\t\t\t\t\t<h4 class=\"sub-title\">SINIRSIZ E\u011eLENCE<\/h4>\n\t\t\t\t<\/div>\n\t\t\t\n\t\t\t\t\t\t\t\n\t\t\t\t\t<h2 class=\"title  \n\t\t\t\t\t  \">\n\t\t\t\t\t\t<a href=\"https:\/\/wa.me\/05391343132\" target='_self' >\n\t\t\t\t\t\t\tKATALOG \u0130STE\t\t\t\t\t\t<\/a>\n\t\t\t\t\t<\/h2>\n\n\t\t\t\t\n\t\t\t\n\t\t\t\n\t\t\t\n\t\t\t\n\t\t\t\t\t\t\t<a href=\"#\" class=\"button-booking\" target='_blank' >\n\n\t\t\t\t\t\t\t\t\t\t\t<span class=\"text-booking\">REZERVASYON<\/span>\n\t\t\t\t\t\n\t\t\t\t\t<i aria-hidden=\"true\" class=\"flaticon flaticon-up-right-arrow\"><\/i>\t\t\t\t<\/a>\n\t\t\t\n\t\t<\/div>\n\n\t\t\t\t\t\t<\/div>\n\t\t\t\t<\/div>\n\t\t\t\t<div class=\"elementor-element elementor-element-99e1587 elementor-widget-divider--view-line elementor-widget elementor-widget-divider\" data-id=\"99e1587\" data-element_type=\"widget\" data-widget_type=\"divider.default\">\n\t\t\t\t\t\t\t<div class=\"elementor-divider\">\n\t\t\t<span class=\"elementor-divider-separator\">\n\t\t\t\t\t\t<\/span>\n\t\t<\/div>\n\t\t\t\t\t\t<\/div>\n\t\t\t\t\t<\/div>\n\t\t<\/div>\n\t\t\t\t\t<\/div>\n\t\t<\/section>\n\t\t\t\t<section class=\"elementor-section elementor-top-section elementor-element elementor-element-fae77cc elementor-section-full_width elementor-section-height-default elementor-section-height-default\" data-id=\"fae77cc\" data-element_type=\"section\" data-settings=\"{&quot;background_background&quot;:&quot;classic&quot;}\">\n\t\t\t\t\t\t<div class=\"elementor-container elementor-column-gap-no\">\n\t\t\t\t\t<div class=\"elementor-column elementor-col-100 elementor-top-column elementor-element elementor-element-e83d9fc\" data-id=\"e83d9fc\" data-element_type=\"column\">\n\t\t\t<div class=\"elementor-widget-wrap elementor-element-populated\">\n\t\t\t\t\t\t<section class=\"elementor-section elementor-inner-section elementor-element elementor-element-80b7214 elementor-section-full_width elementor-section-height-default elementor-section-height-default\" data-id=\"80b7214\" data-element_type=\"section\" data-settings=\"{&quot;background_background&quot;:&quot;classic&quot;}\">\n\t\t\t\t\t\t\t<div class=\"elementor-background-overlay\"><\/div>\n\t\t\t\t\t\t\t<div class=\"elementor-container elementor-column-gap-no\">\n\t\t\t\t\t<div class=\"elementor-column elementor-col-100 elementor-inner-column elementor-element elementor-element-757f009\" data-id=\"757f009\" data-element_type=\"column\">\n\t\t\t<div class=\"elementor-widget-wrap elementor-element-populated\">\n\t\t\t\t\t\t<div class=\"elementor-element elementor-element-b654209 elementor-widget elementor-widget-nighty_elementor_gallery_event\" data-id=\"b654209\" data-element_type=\"widget\" data-widget_type=\"nighty_elementor_gallery_event.default\">\n\t\t\t\t<div class=\"elementor-widget-container\">\n\t\t\t\t\t\n\t\t<div class=\"ova-gallery-event template1\">\n\n\t\t\t\t\t\n\t\t\t<div class=\"wrap-content\">\n\t\t\t\n\t\t\t\t\n\t\t\t\t\t\t\t\t\t\t\t<a href=\"https:\/\/wa.me\/05391343132\" class=\"item elementor-repeater-item-b867372\" data-fancybox=\"gallery-event\">\n\t\t\t\t\t\n\t\t\t\t\t\t\n\t\t\t\t\t\t\t<img decoding=\"async\" src=\"https:\/\/www.kibrisvipnights.com\/wp-content\/uploads\/2025\/11\/images-2.jpeg\" alt=\"\">\n\n\t\t\t\t\t\t\n\t\t\t\t\t\t<div class=\"content\">\n\t\t\t\t\t\t\n\t\t\t\t\t\t\t<div class=\"wrap-title\">\n\n\t\t\t\t\t\t\t\t\n\t\t\t\t\t\t\t\t\n\t\t\t\t\t\t\t\t\t<h3 class=\"title\">\n\t\t\t\t\t\t\t\t\t\tConcert Event\t\n\t\t\t\t\t\t\t\t\t<\/h3>\n\n\t\t\t\t\t\t\t\t\n\t\t\t\t\t\t\t<\/div>\n\t\t\t\t\t\t\t\n\t\t\t\t\t\t\t\n\t\t\t\t\t\t\t\t<p class=\"description\">\n\t\t\t\t\t\t\t\t\tClub\t\n\t\t\t\t\t\t\t\t<\/p>\n\n\t\t\t\t\t\t\t\n\t\t\t\t\t\t<\/div>\n\n\t\t\t\t\t\t\t\t\t\t\t<\/a>\n\t\t\t\t\t\t\n\t\t\t\t\n\t\t\t\t\t\t\t\t\t\t\t<a href=\"https:\/\/wa.me\/05391343132\" class=\"item elementor-repeater-item-b951016\" data-fancybox=\"gallery-event\">\n\t\t\t\t\t\n\t\t\t\t\t\t\n\t\t\t\t\t\t\t<img decoding=\"async\" src=\"https:\/\/www.kibrisvipnights.com\/wp-content\/uploads\/2025\/11\/images-1.jpeg\" alt=\"\">\n\n\t\t\t\t\t\t\n\t\t\t\t\t\t<div class=\"content\">\n\t\t\t\t\t\t\n\t\t\t\t\t\t\t<div class=\"wrap-title\">\n\n\t\t\t\t\t\t\t\t\n\t\t\t\t\t\t\t\t\n\t\t\t\t\t\t\t\t\t<h3 class=\"title\">\n\t\t\t\t\t\t\t\t\t\tHoliday Events\t\n\t\t\t\t\t\t\t\t\t<\/h3>\n\n\t\t\t\t\t\t\t\t\n\t\t\t\t\t\t\t<\/div>\n\t\t\t\t\t\t\t\n\t\t\t\t\t\t\t\n\t\t\t\t\t\t\t\t<p class=\"description\">\n\t\t\t\t\t\t\t\t\tClub\t\n\t\t\t\t\t\t\t\t<\/p>\n\n\t\t\t\t\t\t\t\n\t\t\t\t\t\t<\/div>\n\n\t\t\t\t\t\t\t\t\t\t\t<\/a>\n\t\t\t\t\t\t\n\t\t\t\t\n\t\t\t\t\t\t\t\t\t\t\t<a href=\"https:\/\/wa.me\/05391343132\" class=\"item elementor-repeater-item-a4bbe5a\" data-fancybox=\"gallery-event\">\n\t\t\t\t\t\n\t\t\t\t\t\t\n\t\t\t\t\t\t\t<img decoding=\"async\" src=\"https:\/\/www.kibrisvipnights.com\/wp-content\/uploads\/2025\/11\/1745441178130-1-1024x979-1.jpg\" alt=\"\">\n\n\t\t\t\t\t\t\n\t\t\t\t\t\t<div class=\"content\">\n\t\t\t\t\t\t\n\t\t\t\t\t\t\t<div class=\"wrap-title\">\n\n\t\t\t\t\t\t\t\t\n\t\t\t\t\t\t\t\t\n\t\t\t\t\t\t\t\t\t<h3 class=\"title\">\n\t\t\t\t\t\t\t\t\t\tConcert Event\t\n\t\t\t\t\t\t\t\t\t<\/h3>\n\n\t\t\t\t\t\t\t\t\n\t\t\t\t\t\t\t<\/div>\n\t\t\t\t\t\t\t\n\t\t\t\t\t\t\t\n\t\t\t\t\t\t\t\t<p class=\"description\">\n\t\t\t\t\t\t\t\t\tClub\t\n\t\t\t\t\t\t\t\t<\/p>\n\n\t\t\t\t\t\t\t\n\t\t\t\t\t\t<\/div>\n\n\t\t\t\t\t\t\t\t\t\t\t<\/a>\n\t\t\t\t\t\t\n\t\t\t\t\n\t\t\t\t\t\n\t\t\t\t\t\t<div class=\"item elementor-repeater-item-ceed9d6\" data-fancybox=\"gallery-event\" data-src=\"https:\/\/www.kibrisvipnights.com\/wp-content\/uploads\/2023\/04\/gallery-3.jpg\" data-caption=\"\">\n\n\t\t\t\t\t\n\t\t\t\t\t\t\n\t\t\t\t\t\t\t<img decoding=\"async\" src=\"https:\/\/www.kibrisvipnights.com\/wp-content\/uploads\/2023\/04\/gallery-3.jpg\" alt=\"\">\n\n\t\t\t\t\t\t\n\t\t\t\t\t\t<div class=\"content\">\n\t\t\t\t\t\t\n\t\t\t\t\t\t\t<div class=\"wrap-title\">\n\n\t\t\t\t\t\t\t\t\n\t\t\t\t\t\t\t\t\t<span class=\"icon\">\n\t\t\t\t\t\t\t\t\t\t<svg aria-hidden=\"true\" class=\"e-font-icon-svg e-far-image\" viewBox=\"0 0 512 512\" xmlns=\"http:\/\/www.w3.org\/2000\/svg\"><path d=\"M464 64H48C21.49 64 0 85.49 0 112v288c0 26.51 21.49 48 48 48h416c26.51 0 48-21.49 48-48V112c0-26.51-21.49-48-48-48zm-6 336H54a6 6 0 0 1-6-6V118a6 6 0 0 1 6-6h404a6 6 0 0 1 6 6v276a6 6 0 0 1-6 6zM128 152c-22.091 0-40 17.909-40 40s17.909 40 40 40 40-17.909 40-40-17.909-40-40-40zM96 352h320v-80l-87.515-87.515c-4.686-4.686-12.284-4.686-16.971 0L192 304l-39.515-39.515c-4.686-4.686-12.284-4.686-16.971 0L96 304v48z\"><\/path><\/svg>\t\t\t\t\t\t\t\t\t<\/span>\t\n\n\t\t\t\t\t\t\t\t\n\t\t\t\t\t\t\t\t\n\t\t\t\t\t\t\t\t\t<h3 class=\"title\">\n\t\t\t\t\t\t\t\t\t\tFeature Events\t\n\t\t\t\t\t\t\t\t\t<\/h3>\n\n\t\t\t\t\t\t\t\t\n\t\t\t\t\t\t\t<\/div>\n\t\t\t\t\t\t\t\n\t\t\t\t\t\t\t\n\t\t\t\t\t\t\t\t<p class=\"description\">\n\t\t\t\t\t\t\t\t\tClub\t\n\t\t\t\t\t\t\t\t<\/p>\n\n\t\t\t\t\t\t\t\n\t\t\t\t\t\t<\/div>\n\n\t\t\t\t\t\t\t\t\t\t\t<\/div>\n\t\t\t\t\t\t\n\t\t\t\t\n\t\t\t<\/div>\n\n\t\t<\/div>\n\n\t\t\t\t\t\t<\/div>\n\t\t\t\t<\/div>\n\t\t\t\t\t<\/div>\n\t\t<\/div>\n\t\t\t\t\t<\/div>\n\t\t<\/section>\n\t\t\t\t\t<\/div>\n\t\t<\/div>\n\t\t\t\t\t<\/div>\n\t\t<\/section>\n\t\t\t\t<\/div>\n\t\t","protected":false},"excerpt":{"rendered":"<p>* Hakk\u0131m\u0131zda K\u0131br\u0131s Vip Nights &#038; Vip Night Clubs. Adan\u0131n en iyi Night Clublar\u0131 ile hizmetinizdeyiz. S\u0131n\u0131rs\u0131z E\u011flence on: KIBRIS V\u0130P N\u0130GHTS KIBRIS GECE KL\u00dcPLER\u0130 KIBRIS GECE HAYATI KIBRIS V\u0130P N\u0130GHTS KIBRIS GECE KL\u00dcPLER\u0130 KIBRIS GECE HAYATI * SINIRSIZ E\u011eLENCE KATALOG \u0130STE REZERVASYON Concert Event Club Holiday Events Club Concert Event Club Feature Events Club<\/p>\n","protected":false},"author":1,"featured_media":0,"parent":0,"menu_order":0,"comment_status":"closed","ping_status":"closed","template":"elementor_header_footer","meta":{"footnotes":""},"class_list":["post-19","page","type-page","status-publish","hentry"],"_links":{"self":[{"href":"https:\/\/www.kibrisvipnights.com\/index.php?rest_route=\/wp\/v2\/pages\/19","targetHints":{"allow":["GET"]}}],"collection":[{"href":"https:\/\/www.kibrisvipnights.com\/index.php?rest_route=\/wp\/v2\/pages"}],"about":[{"href":"https:\/\/www.kibrisvipnights.com\/index.php?rest_route=\/wp\/v2\/types\/page"}],"author":[{"embeddable":true,"href":"https:\/\/www.kibrisvipnights.com\/index.php?rest_route=\/wp\/v2\/users\/1"}],"replies":[{"embeddable":true,"href":"https:\/\/www.kibrisvipnights.com\/index.php?rest_route=%2Fwp%2Fv2%2Fcomments&post=19"}],"version-history":[{"count":4,"href":"https:\/\/www.kibrisvipnights.com\/index.php?rest_route=\/wp\/v2\/pages\/19\/revisions"}],"predecessor-version":[{"id":4868,"href":"https:\/\/www.kibrisvipnights.com\/index.php?rest_route=\/wp\/v2\/pages\/19\/revisions\/4868"}],"wp:attachment":[{"href":"https:\/\/www.kibrisvipnights.com\/index.php?rest_route=%2Fwp%2Fv2%2Fmedia&parent=19"}],"curies":[{"name":"wp","href":"https:\/\/api.w.org\/{rel}","templated":true}]}}